{"id":25,"date":"2025-03-25T23:56:22","date_gmt":"2025-03-25T22:56:22","guid":{"rendered":"https:\/\/assises-assos-oise.fr\/?page_id=25"},"modified":"2026-01-27T11:34:46","modified_gmt":"2026-01-27T10:34:46","slug":"doleances-plaidoyer","status":"publish","type":"page","link":"https:\/\/assises-assos-oise.fr\/index.php\/doleances-plaidoyer\/","title":{"rendered":"Dol\u00e9ances et Plaidoyer"},"content":{"rendered":"\t\t<div data-elementor-type=\"wp-page\" data-elementor-id=\"25\" class=\"elementor elementor-25\">\n\t\t\t\t<div class=\"elementor-element elementor-element-8c04b78 e-flex e-con-boxed e-con e-parent\" data-id=\"8c04b78\" data-element_type=\"container\">\n\t\t\t\t\t<div class=\"e-con-inner\">\n\t\t\t\t<div class=\"elementor-element elementor-element-c4cdf0d elementor-widget elementor-widget-n-accordion\" data-id=\"c4cdf0d\" data-element_type=\"widget\" data-settings=\"{&quot;default_state&quot;:&quot;expanded&quot;,&quot;max_items_expended&quot;:&quot;one&quot;,&quot;n_accordion_animation_duration&quot;:{&quot;unit&quot;:&quot;ms&quot;,&quot;size&quot;:400,&quot;sizes&quot;:[]}}\" data-widget_type=\"nested-accordion.default\">\n\t\t\t\t<div class=\"elementor-widget-container\">\n\t\t\t\t\t\t\t<div class=\"e-n-accordion\" aria-label=\"Accordion. Open links with Enter or Space, close with Escape, and navigate with Arrow Keys\">\n\t\t\t\t\t\t<details id=\"e-n-accordion-item-2060\" class=\"e-n-accordion-item\" open>\n\t\t\t\t<summary class=\"e-n-accordion-item-title\" data-accordion-index=\"1\" tabindex=\"0\" aria-expanded=\"true\" aria-controls=\"e-n-accordion-item-2060\" >\n\t\t\t\t\t<span class='e-n-accordion-item-title-header'><div class=\"e-n-accordion-item-title-text\"> Synth\u00e8se globale des dol\u00e9ances des associations de l'Oise <\/div><\/span>\n\t\t\t\t\t\t\t<span class='e-n-accordion-item-title-icon'>\n\t\t\t<span class='e-opened' ><svg aria-hidden=\"true\" class=\"e-font-icon-svg e-fas-minus\" viewBox=\"0 0 448 512\" xmlns=\"http:\/\/www.w3.org\/2000\/svg\"><path d=\"M416 208H32c-17.67 0-32 14.33-32 32v32c0 17.67 14.33 32 32 32h384c17.67 0 32-14.33 32-32v-32c0-17.67-14.33-32-32-32z\"><\/path><\/svg><\/span>\n\t\t\t<span class='e-closed'><svg aria-hidden=\"true\" class=\"e-font-icon-svg e-fas-plus\" viewBox=\"0 0 448 512\" xmlns=\"http:\/\/www.w3.org\/2000\/svg\"><path d=\"M416 208H272V64c0-17.67-14.33-32-32-32h-32c-17.67 0-32 14.33-32 32v144H32c-17.67 0-32 14.33-32 32v32c0 17.67 14.33 32 32 32h144v144c0 17.67 14.33 32 32 32h32c17.67 0 32-14.33 32-32V304h144c17.67 0 32-14.33 32-32v-32c0-17.67-14.33-32-32-32z\"><\/path><\/svg><\/span>\n\t\t<\/span>\n\n\t\t\t\t\t\t<\/summary>\n\t\t\t\t<div role=\"region\" aria-labelledby=\"e-n-accordion-item-2060\" class=\"elementor-element elementor-element-daf754f e-flex e-con-boxed e-con e-child\" data-id=\"daf754f\" data-element_type=\"container\">\n\t\t\t\t\t<div class=\"e-con-inner\">\n\t\t<div role=\"region\" aria-labelledby=\"e-n-accordion-item-2060\" class=\"elementor-element elementor-element-61f1191 e-con-full e-flex e-con e-child\" data-id=\"61f1191\" data-element_type=\"container\">\n\t\t\t\t<div class=\"elementor-element elementor-element-04df011 elementor-widget elementor-widget-text-editor\" data-id=\"04df011\" data-element_type=\"widget\" data-widget_type=\"text-editor.default\">\n\t\t\t\t<div class=\"elementor-widget-container\">\n\t\t\t\t\t\t\t\t\t<p style=\"text-align: center;\"><span style=\"text-decoration: underline;\"><a href=\"https:\/\/assises-assos-oise.fr\/Doleances-Plaidoyer\/Synthese_globale_doleances_associations.pdf\" target=\"_blank\" rel=\"noopener\">\u21d2 Cliquez ici pour lire l&#8217;article pleine page.<\/a><\/span><\/p>\t\t\t\t\t\t\t\t<\/div>\n\t\t\t\t<\/div>\n\t\t\t\t<\/div>\n\t\t\t\t<div class=\"elementor-element elementor-element-3399607 elementor-widget elementor-widget-embedpres_document\" data-id=\"3399607\" data-element_type=\"widget\" data-widget_type=\"embedpres_document.default\">\n\t\t\t\t<div class=\"elementor-widget-container\">\n\t\t\t\t\t    \n        <div class=\"embedpress-document-embed ep-doc-5fe4f8897a95d25eb750985549909367 ose-document \" style=\"; max-width:100%; display: inline-block\">\n    \n                        <div >\n    \n                <div id=\"ep-elementor-content-3399607\" class=\"ep-elementor-content    ep-content-protection-disabled\">\n                    <div id=\"3399607\" class=\"ep-embed-content-wraper\">\n                        <div class=\"embedpress-embed-document-pdf embedpress-pdf-3399607\" data-emid=\"embedpress-pdf-3399607\" data-emsrc=\"https:\/\/assises-assos-oise.fr\/Doleances-Plaidoyer\/Synthese_globale_doleances_associations.pdf\"><iframe title=\"Dol\u00e9ances et Plaidoyer\" allowfullscreen=\"true\" mozallowfullscreen=\"true\" webkitallowfullscreen=\"true\" style=\"; max-width:100%;\" src=\"https:\/\/assises-assos-oise.fr\/Doleances-Plaidoyer\/Synthese_globale_doleances_associations.pdf\"><\/iframe><p class=\"embedpress-el-powered\">Powered By EmbedPress<\/p><\/div>                    <\/div>\n                <\/div>\n                            <\/div>\n        <\/div>\n    \n    \t\t\t\t<\/div>\n\t\t\t\t<\/div>\n\t\t\t\t\t<\/div>\n\t\t\t\t<\/div>\n\t\t\t\t\t<\/details>\n\t\t\t\t\t<\/div>\n\t\t\t\t\t\t<\/div>\n\t\t\t\t<\/div>\n\t\t\t\t\t<\/div>\n\t\t\t\t<\/div>\n\t\t<div class=\"elementor-element elementor-element-89876f9 e-flex e-con-boxed e-con e-parent\" data-id=\"89876f9\" data-element_type=\"container\">\n\t\t\t\t\t<div class=\"e-con-inner\">\n\t\t\t\t<div class=\"elementor-element elementor-element-403cc77 elementor-widget elementor-widget-text-editor\" data-id=\"403cc77\" data-element_type=\"widget\" data-widget_type=\"text-editor.default\">\n\t\t\t\t<div class=\"elementor-widget-container\">\n\t\t\t\t\t\t\t\t\t<p>Plaidoyer pour les <strong>premi\u00e8res assises d\u00e9partementales des associations citoyennes et de transition de l\u2019Oise<\/strong>, qui se d\u00e9rouleront le samedi <strong>18 octobre 2025<\/strong> \u00e0 Nogent sur Oise.<\/p>\t\t\t\t\t\t\t\t<\/div>\n\t\t\t\t<\/div>\n\t\t\t\t<div class=\"elementor-element elementor-element-84b31c4 elementor-widget elementor-widget-text-editor\" data-id=\"84b31c4\" data-element_type=\"widget\" data-widget_type=\"text-editor.default\">\n\t\t\t\t<div class=\"elementor-widget-container\">\n\t\t\t\t\t\t\t\t\t<p><strong>Le texte d\u2019orientation qui suit r\u00e9capitule le pourquoi de l\u2019initiative, les objectifs que nous poursuivons et des propositions afin de permettre la participation du plus grand nombre d\u2019associations.<br \/><\/strong>Ce texte s\u2019inspire largement des plaidoyers des associations suivantes\u00a0:<\/p><ul><li><strong>le C.A.C<\/strong> (collectif des associations citoyennes)<\/li><li><strong> le LMA<\/strong> (le mouvement associatif)\u00a0<\/li><li><strong>l\u2019Op\u00e9ration Milliard<\/strong> (<a href=\"https:\/\/operation-milliard.org\/plan-daction\" target=\"_blank\" rel=\"noopener\">https:\/\/operation-milliard.org\/plan-daction<\/a>\/)<\/li><li>ainsi que de <strong>l\u2019\u00ab\u00c9tude nationale sur l\u2019\u00e9volution des difficult\u00e9s des associations <\/strong>\u00bb octobre 2018.<\/li><\/ul><p><strong>=&gt; Tous ces documents sont accessibles sur <a href=\"https:\/\/assises-assos-oise.fr\/index.php\/ressources\/\" target=\"_blank\" rel=\"noopener\">la page ressources<\/a>.<\/strong><\/p><p>Ce texte nous servira de support pour d\u2019une part approfondir la r\u00e9flexion \u00e0 l\u2019int\u00e9rieur de nos propres associations et d\u2019autre part pour solliciter d\u2019autres associations.<br \/>Ce texte servira par ailleurs \u00e0 poser les bases d\u2019un r\u00e9el partenariat avec les collectivit\u00e9s locales et la puissance publique.<\/p>\t\t\t\t\t\t\t\t<\/div>\n\t\t\t\t<\/div>\n\t\t\t\t<div class=\"elementor-element elementor-element-fc7463f elementor-widget elementor-widget-text-editor\" data-id=\"fc7463f\" data-element_type=\"widget\" data-widget_type=\"text-editor.default\">\n\t\t\t\t<div class=\"elementor-widget-container\">\n\t\t\t\t\t\t\t\t\t<h2><strong>\u00a0 En pr\u00e9alable sur le titre<\/strong><\/h2>\t\t\t\t\t\t\t\t<\/div>\n\t\t\t\t<\/div>\n\t\t\t\t<div class=\"elementor-element elementor-element-46dba0a elementor-widget elementor-widget-text-editor\" data-id=\"46dba0a\" data-element_type=\"widget\" data-widget_type=\"text-editor.default\">\n\t\t\t\t<div class=\"elementor-widget-container\">\n\t\t\t\t\t\t\t\t\t<p>Le mot \u00ab assises d\u00e9partementales \u00bb n\u2019est <strong>pas d\u00e9finitif.<\/strong> Cela peut \u00eatre &#8220;rencontres&#8221; ou autre chose.<br \/>De m\u00eame le p\u00e9rim\u00e8tre n\u2019est <strong>pas limitatif<\/strong> aux associations dites \u00ab\u00a0citoyennes ou de transition\u00a0\u00bb.<br \/>De plus cette journ\u00e9e ne sera qu\u2019<strong>un moment d\u2019un processus<\/strong>.<\/p><p>L\u2019enjeu de cette initiative de rencontres\/assises est triple\u00a0pour les associations : premi\u00e8rement augmenter leur visibilit\u00e9 &amp; leur repr\u00e9sentativit\u00e9, deuxi\u00e8mement se relier &amp; se f\u00e9d\u00e9rer pour troisi\u00e8mement exprimer une force et volont\u00e9 commune pour \u00eatre reconnues d\u2019utilit\u00e9 publique afin d\u2019avoir les moyens d\u2019agir correspondants, ou au minimum \u00eatre reconnues comme de r\u00e9els partenaires.<\/p>\t\t\t\t\t\t\t\t<\/div>\n\t\t\t\t<\/div>\n\t\t\t\t<div class=\"elementor-element elementor-element-e0e901d elementor-widget elementor-widget-text-editor\" data-id=\"e0e901d\" data-element_type=\"widget\" data-widget_type=\"text-editor.default\">\n\t\t\t\t<div class=\"elementor-widget-container\">\n\t\t\t\t\t\t\t\t\t<h2><strong>\u00a0 Le pourquoi de l\u2019initiative \u00e0 partir de constats<\/strong><\/h2>\t\t\t\t\t\t\t\t<\/div>\n\t\t\t\t<\/div>\n\t\t\t\t<div class=\"elementor-element elementor-element-09b1983 elementor-widget elementor-widget-text-editor\" data-id=\"09b1983\" data-element_type=\"widget\" data-widget_type=\"text-editor.default\">\n\t\t\t\t<div class=\"elementor-widget-container\">\n\t\t\t\t\t\t\t\t\t<p>Comme le disait Jean de la Fontaine dans la fable &#8220;Les animaux malades de la peste&#8221; :\u00ab<em>\u00a0Ils n\u2019en mouraient pas tous, mais tous \u00e9taient atteint<\/em>\u00a0\u00bb<\/p><p>Nous qui le vivons, nous savons bien que les associations sont malades de nombreuses difficult\u00e9s. Selon leur taille, leur budget (avec ou sans salari\u00e9s), selon leur secteur d\u2019activit\u00e9, elles n\u2019ont pas forc\u00e9ment les m\u00eames difficult\u00e9s, au m\u00eame moment, avec la m\u00eame intensit\u00e9. Nous vous renvoyons \u00e0 l\u2019excellente \u00e9tude de V. Tchernonog et J.P.Vercamer sur les associations et leurs difficult\u00e9s, octobre 2018. Parmi les plus cit\u00e9es :<\/p><blockquote><p>\u00ab\u00a0Difficult\u00e9s \u00e0 renouveler les structures dirigeantes, disparition ou retrait d\u2019un membre particuli\u00e8rement dynamique de l\u2019association. Cela est d\u00fb en particulier au fait qu\u2019il faut consacrer de plus en plus d\u2019\u00e9nergie pour faire face \u00e0 la baisse des financements publics de toutes formes (commandes et subventions). Cela a pour cons\u00e9quence une tr\u00e9sorerie ou fonds de roulement insuffisants. Alors, on s\u2019arrache les cheveux car on a du mal \u00e0 se projeter dans l\u2019avenir. Au m\u00eame moment, le poids des contr\u00f4les ou contraintes impos\u00e9es par les pouvoirs publics augmentent alors que dans le m\u00eame temps nous n\u2019arrivons plus \u00e0 trouver des interlocuteurs de l\u2019administration pour nous aider.\u00a0\u00bb<\/p><\/blockquote><p>Or face au d\u00e9litement des services publics, \u00e0 la marchandisation et face \u00e0 la plus grave crise d\u00e9mocratique que la France ait connue\u201d (ce que disait l\u2019historien Pierre Rosanvallon en avril 2023), <strong>les associations repr\u00e9sentent une opportunit\u00e9 unique de maintenir ou de cr\u00e9er du lien social.<\/strong><\/p><p><strong>Le monde associatif<\/strong> (avec ses 1,3 million d\u2019associations et ses 22 millions de membres) c\u2019est la solidarit\u00e9 et l\u2019entraide pour les plus pr\u00e9caires et les plus isol\u00e9s. C\u2019est offrir \u00e0 tous et toutes les bienfaits du sport, de la culture, de l\u2019art, du th\u00e9\u00e2tre et autres loisirs. C\u2019est participer \u00e0 l\u2019\u00e9ducation pour tous et transmettre des valeurs humanistes, quels que soit l\u2019\u00e2ge et la classe sociale. C\u2019est alerter, s\u2019indigner et mettre en lumi\u00e8re des faits soci\u00e9taux aupr\u00e8s des pouvoirs publics.<br \/>C\u2019est choisir une soci\u00e9t\u00e9 o\u00f9 tout ne peut pas \u00eatre ax\u00e9 sur l\u2019enrichissement personnel et la rentabilit\u00e9.<br \/>C\u2019est pour cela que les associations sont essentielles \u00e0 la richesse d\u00e9mocratique.<br \/><strong>Elles sont autant de lieux o\u00f9 les citoyens s\u2019unissent pour agir sur le quotidien et pour \u0153uvrer en faveur de l\u2019int\u00e9r\u00eat g\u00e9n\u00e9ral.<\/strong><\/p><p>Dans ce contexte, si la libert\u00e9 d\u2019association a acquis une valeur constitutionnelle en 1971, le droit au financement des associations n\u2019a pas \u00e9t\u00e9 consacr\u00e9. L\u2019exercice d\u2019une libert\u00e9 essentielle d\u00e9pend de sa valeur juridique autant que des moyens financiers allou\u00e9s pour assurer son effectivit\u00e9.<br \/>ON OBSERVE UNE TENDANCE DE RENFORCEMENT DES CONTR\u00d4LES ET, PLUS<br \/>SP\u00c9CIFIQUEMENT, UNE VOLONT\u00c9 D\u2019ENCADREMENT DE L\u2019ACTION ASSOCIATIVE (le C.E.R) \u2026.Et perte de moyens de fonctionnement.<br \/>Il est donc urgent de renforcer les ressources de ces structures.<br \/>C\u2019est ce que dit explicitement le CESE (conseil \u00e9conomique social et environnemental) dans son rapport de Mai 2024 : \u00ab Renforcer le financement des associations : une urgence d\u00e9mocratique \u00bb.<\/p>\t\t\t\t\t\t\t\t<\/div>\n\t\t\t\t<\/div>\n\t\t\t\t<div class=\"elementor-element elementor-element-deaf549 elementor-widget elementor-widget-text-editor\" data-id=\"deaf549\" data-element_type=\"widget\" data-widget_type=\"text-editor.default\">\n\t\t\t\t<div class=\"elementor-widget-container\">\n\t\t\t\t\t\t\t\t\t<h2>\u2028\u2028<strong>\u00a0 Les objectifs que nous poursuivons :<\/strong><\/h2>\t\t\t\t\t\t\t\t<\/div>\n\t\t\t\t<\/div>\n\t\t\t\t<div class=\"elementor-element elementor-element-d397846 elementor-widget elementor-widget-text-editor\" data-id=\"d397846\" data-element_type=\"widget\" data-widget_type=\"text-editor.default\">\n\t\t\t\t<div class=\"elementor-widget-container\">\n\t\t\t\t\t\t\t\t\t<div id=\"elementor-tab-content-2251\" class=\"elementor-tab-content elementor-clearfix elementor-active\" tabindex=\"0\" role=\"tabpanel\" data-tab=\"1\" aria-labelledby=\"elementor-tab-title-2251\"><p>\u2022 <strong>Faire prendre conscience de notre force collective<\/strong> (d\u2019o\u00f9 le d\u00e9bat sur le titre : un mouvement \/ un r\u00e9seau \/ un collectif ?? de quoi : d\u2019associations citoyennes pour changer la soci\u00e9t\u00e9 ou simplement pour s\u2019entraider face aux difficult\u00e9s que nous rencontrons ??)\u2028<br \/>\u2022 <strong>Faire prendre conscience de l\u2019utilit\u00e9 sociale<\/strong> (cr\u00e9er du lien \/ renforcer les solidarit\u00e9s) pour un monde \u00ab allant vers \u00bb vs \u00ab \u00e0 l\u2019envers \u00bb du plus juste, du plus durable et du plus solidaire.\u2028<br \/>\u2022 <strong>Faire prendre conscience des difficult\u00e9s auxquelles nous sommes confront\u00e9s\u2028<\/strong><br \/>\u2022 <strong>Faciliter les r\u00e8gles<\/strong> administratives et de comptabilit\u00e9 en particulier pour les petites associations sans salari\u00e9. \u2028<br \/>\u2022 <strong>Augmenter le financement<\/strong> du mouvement associatif en particulier pour favoriser le principe de subvention de fonctionnement (les subventions publiques repr\u00e9sentaient ainsi 34% des budgets associatifs en 2005, elles n\u2019en repr\u00e9sentent plus que 20% en 2017).\u2028<br \/>\u2022<strong> Valoriser des exemples de coop\u00e9ration<\/strong>, collaboration qui ont dynamis\u00e9 des associations\u2028<br \/>\u2022 <strong>Sortir de ce climat de contr\u00f4le et de suspicion<\/strong> apparu avec l\u2019instauration du C.E.R (contrat d\u2019engagement r\u00e9publicain) et donc le supprimer pour en revenir \u00e0 la Charte des engagements r\u00e9ciproques sign\u00e9e en f\u00e9vrier 2014 entre l\u2019\u00c9tat, le Mouvement associatif et les repr\u00e9sentants des collectivit\u00e9s territoriales qui reconna\u00eet aux associations la capacit\u00e9 \u00e0 contribuer \u00e0 l\u2019int\u00e9r\u00eat g\u00e9n\u00e9ral. \u2028<br \/>\u2022<strong> Instaurer un r\u00e9el partenariat avec les collectivit\u00e9s locales \u2028<\/strong>\u2028\u2028<\/p><\/div>\t\t\t\t\t\t\t\t<\/div>\n\t\t\t\t<\/div>\n\t\t\t\t<div class=\"elementor-element elementor-element-928931a elementor-widget-divider--view-line elementor-widget elementor-widget-divider\" data-id=\"928931a\" data-element_type=\"widget\" data-widget_type=\"divider.default\">\n\t\t\t\t<div class=\"elementor-widget-container\">\n\t\t\t\t\t\t\t<div class=\"elementor-divider\">\n\t\t\t<span class=\"elementor-divider-separator\">\n\t\t\t\t\t\t<\/span>\n\t\t<\/div>\n\t\t\t\t\t\t<\/div>\n\t\t\t\t<\/div>\n\t\t\t\t<div class=\"elementor-element elementor-element-151f71b elementor-widget elementor-widget-text-editor\" data-id=\"151f71b\" data-element_type=\"widget\" data-widget_type=\"text-editor.default\">\n\t\t\t\t<div class=\"elementor-widget-container\">\n\t\t\t\t\t\t\t\t\t<p>Suite \u00e0 ces assises nous rencontrerons la pr\u00e9fecture, le SDJES, les associations d\u2019\u00e9lus de l\u2019Oise afin de leur remettre ces p\u00e9titions et faire avancer nos objectifs.<\/p>\t\t\t\t\t\t\t\t<\/div>\n\t\t\t\t<\/div>\n\t\t\t\t<div class=\"elementor-element elementor-element-b6d0225 elementor-widget elementor-widget-text-editor\" data-id=\"b6d0225\" data-element_type=\"widget\" data-widget_type=\"text-editor.default\">\n\t\t\t\t<div class=\"elementor-widget-container\">\n\t\t\t\t\t\t\t\t\t<h2><strong>\u00a0 P\u00e9tition de soutien<\/strong><\/h2><p><em>Nous soutenons la d\u00e9marche des Assises D\u00e9partementales des Associations citoyennes et de transition de l\u2019Oise<\/em><\/p><ul><li>Nom de l\u2019association<\/li><li>Si\u00e8ge social<\/li><li>Secteur d\u2019activit\u00e9 et objet principal<\/li><li>Coordonn\u00e9es du\/des responsables<\/li><\/ul>\t\t\t\t\t\t\t\t<\/div>\n\t\t\t\t<\/div>\n\t\t\t\t\t<\/div>\n\t\t\t\t<\/div>\n\t\t\t\t<\/div>\n\t\t","protected":false},"excerpt":{"rendered":"<p>Synth\u00e8se globale des dol\u00e9ances des associations de l&#8217;Oise \u21d2 Cliquez ici pour lire l&#8217;article pleine page. Powered By EmbedPress \u21d2 Cliquez ici pour lire l&#8217;article pleine page. Powered By EmbedPress Plaidoyer pour les premi\u00e8res assises d\u00e9partementales des associations citoyennes et &hellip; <a href=\"https:\/\/assises-assos-oise.fr\/index.php\/doleances-plaidoyer\/\">Continuer la lecture <span class=\"meta-nav\">&rarr;<\/span><\/a><\/p>\n","protected":false},"author":1,"featured_media":0,"parent":0,"menu_order":0,"comment_status":"closed","ping_status":"closed","template":"","meta":{"_eb_attr":"","footnotes":""},"class_list":["post-25","page","type-page","status-publish","hentry"],"_links":{"self":[{"href":"https:\/\/assises-assos-oise.fr\/index.php\/wp-json\/wp\/v2\/pages\/25","targetHints":{"allow":["GET"]}}],"collection":[{"href":"https:\/\/assises-assos-oise.fr\/index.php\/wp-json\/wp\/v2\/pages"}],"about":[{"href":"https:\/\/assises-assos-oise.fr\/index.php\/wp-json\/wp\/v2\/types\/page"}],"author":[{"embeddable":true,"href":"https:\/\/assises-assos-oise.fr\/index.php\/wp-json\/wp\/v2\/users\/1"}],"replies":[{"embeddable":true,"href":"https:\/\/assises-assos-oise.fr\/index.php\/wp-json\/wp\/v2\/comments?post=25"}],"version-history":[{"count":31,"href":"https:\/\/assises-assos-oise.fr\/index.php\/wp-json\/wp\/v2\/pages\/25\/revisions"}],"predecessor-version":[{"id":1884,"href":"https:\/\/assises-assos-oise.fr\/index.php\/wp-json\/wp\/v2\/pages\/25\/revisions\/1884"}],"wp:attachment":[{"href":"https:\/\/assises-assos-oise.fr\/index.php\/wp-json\/wp\/v2\/media?parent=25"}],"curies":[{"name":"wp","href":"https:\/\/api.w.org\/{rel}","templated":true}]}}