{"id":26,"date":"2025-03-25T23:56:02","date_gmt":"2025-03-25T22:56:02","guid":{"rendered":"https:\/\/assises-assos-oise.fr\/?page_id=26"},"modified":"2026-01-21T17:38:11","modified_gmt":"2026-01-21T16:38:11","slug":"contact","status":"publish","type":"page","link":"https:\/\/assises-assos-oise.fr\/index.php\/contact\/","title":{"rendered":"Contact"},"content":{"rendered":"\t\t<div data-elementor-type=\"wp-page\" data-elementor-id=\"26\" class=\"elementor elementor-26\">\n\t\t\t\t<div class=\"elementor-element elementor-element-5f8859b e-flex e-con-boxed e-con e-parent\" data-id=\"5f8859b\" data-element_type=\"container\">\n\t\t\t\t\t<div class=\"e-con-inner\">\n\t\t\t\t<div class=\"elementor-element elementor-element-a2902a5 elementor-widget elementor-widget-text-editor\" data-id=\"a2902a5\" data-element_type=\"widget\" data-widget_type=\"text-editor.default\">\n\t\t\t\t<div class=\"elementor-widget-container\">\n\t\t\t\t\t\t\t\t\t<div id=\"elementor-tab-content-2254\" class=\"elementor-tab-content elementor-clearfix elementor-active\" tabindex=\"0\" role=\"tabpanel\" data-tab=\"4\" aria-labelledby=\"elementor-tab-title-2254\"><p>N\u2019h\u00e9sitez pas \u00e0 nous contacter sur le mail cog\u00e9r\u00e9 par le groupe de copilotage : <br \/><strong>=&gt; <a href=\"mailto:contact@assises-assos-oise.fr\" target=\"_blank\" rel=\"noopener\">contact@assises-assos-oise.fr<\/a><\/strong><\/p><\/div>\t\t\t\t\t\t\t\t<\/div>\n\t\t\t\t<\/div>\n\t\t\t\t\t<\/div>\n\t\t\t\t<\/div>\n\t\t\t\t<\/div>\n\t\t","protected":false},"excerpt":{"rendered":"<p>N\u2019h\u00e9sitez pas \u00e0 nous contacter sur le mail cog\u00e9r\u00e9 par le groupe de copilotage : =&gt; contact@assises-assos-oise.fr<\/p>\n","protected":false},"author":1,"featured_media":0,"parent":0,"menu_order":0,"comment_status":"closed","ping_status":"closed","template":"","meta":{"_eb_attr":"","footnotes":""},"class_list":["post-26","page","type-page","status-publish","hentry"],"_links":{"self":[{"href":"https:\/\/assises-assos-oise.fr\/index.php\/wp-json\/wp\/v2\/pages\/26","targetHints":{"allow":["GET"]}}],"collection":[{"href":"https:\/\/assises-assos-oise.fr\/index.php\/wp-json\/wp\/v2\/pages"}],"about":[{"href":"https:\/\/assises-assos-oise.fr\/index.php\/wp-json\/wp\/v2\/types\/page"}],"author":[{"embeddable":true,"href":"https:\/\/assises-assos-oise.fr\/index.php\/wp-json\/wp\/v2\/users\/1"}],"replies":[{"embeddable":true,"href":"https:\/\/assises-assos-oise.fr\/index.php\/wp-json\/wp\/v2\/comments?post=26"}],"version-history":[{"count":15,"href":"https:\/\/assises-assos-oise.fr\/index.php\/wp-json\/wp\/v2\/pages\/26\/revisions"}],"predecessor-version":[{"id":1819,"href":"https:\/\/assises-assos-oise.fr\/index.php\/wp-json\/wp\/v2\/pages\/26\/revisions\/1819"}],"wp:attachment":[{"href":"https:\/\/assises-assos-oise.fr\/index.php\/wp-json\/wp\/v2\/media?parent=26"}],"curies":[{"name":"wp","href":"https:\/\/api.w.org\/{rel}","templated":true}]}}