{"id":27,"date":"2025-03-25T23:56:12","date_gmt":"2025-03-25T22:56:12","guid":{"rendered":"https:\/\/assises-assos-oise.fr\/?page_id=27"},"modified":"2025-03-26T17:17:29","modified_gmt":"2025-03-26T16:17:29","slug":"qui-sommes-nous","status":"publish","type":"page","link":"https:\/\/assises-assos-oise.fr\/index.php\/qui-sommes-nous\/","title":{"rendered":"Qui sommes-nous ?"},"content":{"rendered":"\t\t<div data-elementor-type=\"wp-page\" data-elementor-id=\"27\" class=\"elementor elementor-27\">\n\t\t\t\t<div class=\"elementor-element elementor-element-36b7799 e-flex e-con-boxed e-con e-parent\" data-id=\"36b7799\" data-element_type=\"container\">\n\t\t\t\t\t<div class=\"e-con-inner\">\n\t\t\t\t<div class=\"elementor-element elementor-element-79ed3b3 elementor-widget elementor-widget-text-editor\" data-id=\"79ed3b3\" data-element_type=\"widget\" data-widget_type=\"text-editor.default\">\n\t\t\t\t<div class=\"elementor-widget-container\">\n\t\t\t\t\t\t\t\t\t<h2><strong>Groupe de pilotage<\/strong><\/h2>\t\t\t\t\t\t\t\t<\/div>\n\t\t\t\t<\/div>\n\t\t\t\t<div class=\"elementor-element elementor-element-b2adaf9 elementor-widget elementor-widget-text-editor\" data-id=\"b2adaf9\" data-element_type=\"widget\" data-widget_type=\"text-editor.default\">\n\t\t\t\t<div class=\"elementor-widget-container\">\n\t\t\t\t\t\t\t\t\t<p>Par ordre alphab\u00e9tique de pr\u00e9nom :<\/p><ul><li>Christine Mouchel, pr\u00e9sidente du Carnaval des possibles de l\u2019Oise<\/li><li>Danielle Sokolonski, pr\u00e9sidente de la LDH de l\u2019Oise<\/li><li>Thierry Patinet, porte-parole Attac Oise<\/li><li>Val\u00e9rie Comblez, repr\u00e9sentante du LMA des Hauts de France (mouvement associatif), des centres sociaux de l\u2019Oise<\/li><\/ul><p>Ce groupe de pilotage (ouvert \u00e0 de nouvelles \u00e9nergies) s\u2019est constitu\u00e9 lors d\u2019une journ\u00e9e de formation (le 14 d\u00e9cembre 2024) pr\u00e9paratoire \u00e0 ces assises. Cette formation a r\u00e9uni une quarantaine de personnes pr\u00e9sentes ou repr\u00e9sent\u00e9es correspondant \u00e0 une vingtaine d\u2019associations.<\/p>\t\t\t\t\t\t\t\t<\/div>\n\t\t\t\t<\/div>\n\t\t\t\t\t<\/div>\n\t\t\t\t<\/div>\n\t\t\t\t<\/div>\n\t\t","protected":false},"excerpt":{"rendered":"<p>Groupe de pilotage Par ordre alphab\u00e9tique de pr\u00e9nom : Christine Mouchel, pr\u00e9sidente du Carnaval des possibles de l\u2019Oise Danielle Sokolonski, pr\u00e9sidente de la LDH de l\u2019Oise Thierry Patinet, porte-parole Attac Oise Val\u00e9rie Comblez, repr\u00e9sentante du LMA des Hauts de France &hellip; <a href=\"https:\/\/assises-assos-oise.fr\/index.php\/qui-sommes-nous\/\">Continuer la lecture <span class=\"meta-nav\">&rarr;<\/span><\/a><\/p>\n","protected":false},"author":1,"featured_media":1366,"parent":0,"menu_order":0,"comment_status":"closed","ping_status":"closed","template":"elementor_theme","meta":{"_eb_attr":"","footnotes":""},"class_list":["post-27","page","type-page","status-publish","has-post-thumbnail","hentry"],"_links":{"self":[{"href":"https:\/\/assises-assos-oise.fr\/index.php\/wp-json\/wp\/v2\/pages\/27","targetHints":{"allow":["GET"]}}],"collection":[{"href":"https:\/\/assises-assos-oise.fr\/index.php\/wp-json\/wp\/v2\/pages"}],"about":[{"href":"https:\/\/assises-assos-oise.fr\/index.php\/wp-json\/wp\/v2\/types\/page"}],"author":[{"embeddable":true,"href":"https:\/\/assises-assos-oise.fr\/index.php\/wp-json\/wp\/v2\/users\/1"}],"replies":[{"embeddable":true,"href":"https:\/\/assises-assos-oise.fr\/index.php\/wp-json\/wp\/v2\/comments?post=27"}],"version-history":[{"count":15,"href":"https:\/\/assises-assos-oise.fr\/index.php\/wp-json\/wp\/v2\/pages\/27\/revisions"}],"predecessor-version":[{"id":1572,"href":"https:\/\/assises-assos-oise.fr\/index.php\/wp-json\/wp\/v2\/pages\/27\/revisions\/1572"}],"wp:featuredmedia":[{"embeddable":true,"href":"https:\/\/assises-assos-oise.fr\/index.php\/wp-json\/wp\/v2\/media\/1366"}],"wp:attachment":[{"href":"https:\/\/assises-assos-oise.fr\/index.php\/wp-json\/wp\/v2\/media?parent=27"}],"curies":[{"name":"wp","href":"https:\/\/api.w.org\/{rel}","templated":true}]}}