{"id":4,"date":"2016-02-12T07:54:41","date_gmt":"2016-02-12T07:54:41","guid":{"rendered":"http:\/\/demos.famethemes.com\/onepress\/?page_id=4"},"modified":"2026-03-09T12:14:18","modified_gmt":"2026-03-09T11:14:18","slug":"home","status":"publish","type":"page","link":"https:\/\/assises-assos-oise.fr\/","title":{"rendered":"Accueil"},"content":{"rendered":"\t\t<div data-elementor-type=\"wp-page\" data-elementor-id=\"4\" class=\"elementor elementor-4\">\n\t\t\t\t<div class=\"elementor-element elementor-element-c513ad7 e-flex e-con-boxed e-con e-parent\" data-id=\"c513ad7\" data-element_type=\"container\">\n\t\t\t\t\t<div class=\"e-con-inner\">\n\t\t\t\t<div class=\"elementor-element elementor-element-283ea6d elementor-widget elementor-widget-heading\" data-id=\"283ea6d\" data-element_type=\"widget\" data-widget_type=\"heading.default\">\n\t\t\t\t<div class=\"elementor-widget-container\">\n\t\t\t\t\t<h2 class=\"elementor-heading-title elementor-size-default\">Bienvenue<\/h2>\t\t\t\t<\/div>\n\t\t\t\t<\/div>\n\t\t<div class=\"elementor-element elementor-element-23ebc64 e-con-full e-flex e-con e-child\" data-id=\"23ebc64\" data-element_type=\"container\">\n\t\t\t\t<div class=\"elementor-element elementor-element-4963aa6 elementor-widget elementor-widget-text-editor\" data-id=\"4963aa6\" data-element_type=\"widget\" data-widget_type=\"text-editor.default\">\n\t\t\t\t<div class=\"elementor-widget-container\">\n\t\t\t\t\t\t\t\t\t<section class=\"elementor-section elementor-top-section elementor-element elementor-element-c9fd08d elementor-section-boxed elementor-section-height-default elementor-section-height-default\" data-id=\"c9fd08d\" data-element_type=\"section\"><div class=\"elementor-container elementor-column-gap-default\"><div class=\"elementor-row\"><div class=\"elementor-column elementor-col-100 elementor-top-column elementor-element elementor-element-a5663a2\" data-id=\"a5663a2\" data-element_type=\"column\"><div class=\"elementor-column-wrap elementor-element-populated\"><div class=\"elementor-widget-wrap\"><div class=\"elementor-element elementor-element-1747655 elementor-widget elementor-widget-text-editor\" data-id=\"1747655\" data-element_type=\"widget\" data-widget_type=\"text-editor.default\"><div class=\"elementor-widget-container\"><div class=\"elementor-text-editor elementor-clearfix\"><h2><span style=\"color: #2d95c2;\"><strong>Les objectifs que nous poursuivons :\u00a0<\/strong><\/span><\/h2><ul><li>Faire prendre conscience de notre utilit\u00e9 sociale<\/li><li>Faire prendre conscience de la nature des difficult\u00e9s auxquelles nous sommes confront\u00e9s<\/li><li>Augmenter le financement de fonctionnement de mani\u00e8re p\u00e9renne<\/li><li>Sortir de ce climat de contr\u00f4le et de suspicion\u00a0<\/li><li>Faire prendre conscience de notre force collective<\/li><li>Instaurer un r\u00e9el partenariat avec les collectivit\u00e9s locales<\/li><\/ul><\/div><\/div><\/div><\/div><\/div><\/div><\/div><\/div><\/section>\t\t\t\t\t\t\t\t<\/div>\n\t\t\t\t<\/div>\n\t\t\t\t<div class=\"elementor-element elementor-element-21677fc elementor-widget elementor-widget-text-editor\" data-id=\"21677fc\" data-element_type=\"widget\" data-widget_type=\"text-editor.default\">\n\t\t\t\t<div class=\"elementor-widget-container\">\n\t\t\t\t\t\t\t\t\t<p><span style=\"color: #000000;\"><strong>Les <span style=\"color: #000000;\">assises sont un processus de mutualisation, d&#8217;\u00e9ducation populaire de lutte du secteur associatif.<\/span><\/strong><\/span><\/p>\t\t\t\t\t\t\t\t<\/div>\n\t\t\t\t<\/div>\n\t\t\t\t<\/div>\n\t\t\t\t<div class=\"elementor-element elementor-element-8914a06 elementor-widget elementor-widget-spacer\" data-id=\"8914a06\" data-element_type=\"widget\" data-widget_type=\"spacer.default\">\n\t\t\t\t<div class=\"elementor-widget-container\">\n\t\t\t\t\t\t\t<div class=\"elementor-spacer\">\n\t\t\t<div class=\"elementor-spacer-inner\"><\/div>\n\t\t<\/div>\n\t\t\t\t\t\t<\/div>\n\t\t\t\t<\/div>\n\t\t\t\t<div class=\"elementor-element elementor-element-6e56b4e elementor-widget elementor-widget-heading\" data-id=\"6e56b4e\" data-element_type=\"widget\" data-widget_type=\"heading.default\">\n\t\t\t\t<div class=\"elementor-widget-container\">\n\t\t\t\t\t<h2 class=\"elementor-heading-title elementor-size-default\">La mobilisation continue<\/h2>\t\t\t\t<\/div>\n\t\t\t\t<\/div>\n\t\t\t\t\t<\/div>\n\t\t\t\t<\/div>\n\t\t<div class=\"elementor-element elementor-element-f0b4157 e-flex e-con-boxed e-con e-parent\" data-id=\"f0b4157\" data-element_type=\"container\">\n\t\t\t\t\t<div class=\"e-con-inner\">\n\t\t\t\t<div class=\"elementor-element elementor-element-e1769a3 elementor-widget elementor-widget-text-editor\" data-id=\"e1769a3\" data-element_type=\"widget\" data-widget_type=\"text-editor.default\">\n\t\t\t\t<div class=\"elementor-widget-container\">\n\t\t\t\t\t\t\t\t\t<h2 class=\"elementor-heading-title elementor-size-default\" style=\"text-align: center;\">Suite aux premi\u00e8res assises des associations de l&#8217;Oise qui se sont d\u00e9roul\u00e9es le samedi 18 octobre 2025 \u00e0 Nogent<\/h2>\t\t\t\t\t\t\t\t<\/div>\n\t\t\t\t<\/div>\n\t\t\t\t<div class=\"elementor-element elementor-element-8971965 elementor-widget elementor-widget-text-editor\" data-id=\"8971965\" data-element_type=\"widget\" data-widget_type=\"text-editor.default\">\n\t\t\t\t<div class=\"elementor-widget-container\">\n\t\t\t\t\t\t\t\t\t<p>A titre individuel et\/ou au nom de votre association, nous vous invitons \u00e0 participer aux assises d\u00e9centralis\u00e9es qui se d\u00e9rouleront en <span style=\"color: #000000;\"><strong>f\u00e9vrier \u00e0 Beauvais, Creil et Compi\u00e8gne.<\/strong><\/span><\/p><p>Ces assises prendront la forme d&#8217;un atelier de 3h anim\u00e9 par le <a href=\"https:\/\/lmahdf.org\/nos-missions\/\" target=\"_blank\" rel=\"noopener\">LMA<\/a> (Le Mouvement Associatif) sur le th\u00e8me<span style=\"color: #000000;\"> <strong>&#8220;Plaidoyer associatif et \u00e9lections municipales 2026&#8221;<\/strong><\/span><\/p>\t\t\t\t\t\t\t\t<\/div>\n\t\t\t\t<\/div>\n\t\t\t\t<div class=\"elementor-element elementor-element-7c7dd27 elementor-widget elementor-widget-text-editor\" data-id=\"7c7dd27\" data-element_type=\"widget\" data-widget_type=\"text-editor.default\">\n\t\t\t\t<div class=\"elementor-widget-container\">\n\t\t\t\t\t\t\t\t\t<h2 style=\"text-align: center;\"><a href=\"https:\/\/framaforms.org\/sites\/default\/files\/forms\/files\/flyer_atelier_lma_0.pdf\" target=\"_blank\" rel=\"noopener\">Cliquez ici pour plus d&#8217;infos sur le contenu de l&#8217;atelier<\/a><\/h2>\t\t\t\t\t\t\t\t<\/div>\n\t\t\t\t<\/div>\n\t\t\t\t\t<\/div>\n\t\t\t\t<\/div>\n\t\t<div class=\"elementor-element elementor-element-41faaee e-flex e-con-boxed e-con e-parent\" data-id=\"41faaee\" data-element_type=\"container\">\n\t\t\t\t\t<div class=\"e-con-inner\">\n\t\t\t\t<div class=\"elementor-element elementor-element-73c28d3 elementor-widget elementor-widget-spacer\" data-id=\"73c28d3\" data-element_type=\"widget\" data-widget_type=\"spacer.default\">\n\t\t\t\t<div class=\"elementor-widget-container\">\n\t\t\t\t\t\t\t<div class=\"elementor-spacer\">\n\t\t\t<div class=\"elementor-spacer-inner\"><\/div>\n\t\t<\/div>\n\t\t\t\t\t\t<\/div>\n\t\t\t\t<\/div>\n\t\t\t\t\t<\/div>\n\t\t\t\t<\/div>\n\t\t<div class=\"elementor-element elementor-element-3ff6d26 e-flex e-con-boxed e-con e-parent\" data-id=\"3ff6d26\" data-element_type=\"container\">\n\t\t\t\t\t<div class=\"e-con-inner\">\n\t\t\t\t<div class=\"elementor-element elementor-element-27b5e98 elementor-widget elementor-widget-spacer\" data-id=\"27b5e98\" data-element_type=\"widget\" data-widget_type=\"spacer.default\">\n\t\t\t\t<div class=\"elementor-widget-container\">\n\t\t\t\t\t\t\t<div class=\"elementor-spacer\">\n\t\t\t<div class=\"elementor-spacer-inner\"><\/div>\n\t\t<\/div>\n\t\t\t\t\t\t<\/div>\n\t\t\t\t<\/div>\n\t\t\t\t\t<\/div>\n\t\t\t\t<\/div>\n\t\t<div class=\"elementor-element elementor-element-54e1bb3 e-flex e-con-boxed e-con e-parent\" data-id=\"54e1bb3\" data-element_type=\"container\">\n\t\t\t\t\t<div class=\"e-con-inner\">\n\t\t\t\t<div class=\"elementor-element elementor-element-42f5d1c elementor-widget elementor-widget-heading\" data-id=\"42f5d1c\" data-element_type=\"widget\" data-widget_type=\"heading.default\">\n\t\t\t\t<div class=\"elementor-widget-container\">\n\t\t\t\t\t<h2 class=\"elementor-heading-title elementor-size-default\">JEUDI 19 mars de 14h \u00e0 17h \u00e0 la mairie de Breuil le vert 8 rue du moulin\nR\u00e9union recherche action participative sur les rapports des associations avec \"la politique\"<\/h2>\t\t\t\t<\/div>\n\t\t\t\t<\/div>\n\t\t\t\t\t<\/div>\n\t\t\t\t<\/div>\n\t\t\t\t<\/div>\n\t\t","protected":false},"excerpt":{"rendered":"<p>Bienvenue Les objectifs que nous poursuivons :\u00a0 Faire prendre conscience de notre utilit\u00e9 sociale Faire prendre conscience de la nature des difficult\u00e9s auxquelles nous sommes confront\u00e9s Augmenter le financement de fonctionnement de mani\u00e8re p\u00e9renne Sortir de ce climat de contr\u00f4le &hellip; <a href=\"https:\/\/assises-assos-oise.fr\/\">Continuer la lecture <span class=\"meta-nav\">&rarr;<\/span><\/a><\/p>\n","protected":false},"author":2,"featured_media":0,"parent":0,"menu_order":0,"comment_status":"closed","ping_status":"closed","template":"","meta":{"_eb_attr":"","footnotes":""},"class_list":["post-4","page","type-page","status-publish","hentry"],"_links":{"self":[{"href":"https:\/\/assises-assos-oise.fr\/index.php\/wp-json\/wp\/v2\/pages\/4","targetHints":{"allow":["GET"]}}],"collection":[{"href":"https:\/\/assises-assos-oise.fr\/index.php\/wp-json\/wp\/v2\/pages"}],"about":[{"href":"https:\/\/assises-assos-oise.fr\/index.php\/wp-json\/wp\/v2\/types\/page"}],"author":[{"embeddable":true,"href":"https:\/\/assises-assos-oise.fr\/index.php\/wp-json\/wp\/v2\/users\/2"}],"replies":[{"embeddable":true,"href":"https:\/\/assises-assos-oise.fr\/index.php\/wp-json\/wp\/v2\/comments?post=4"}],"version-history":[{"count":91,"href":"https:\/\/assises-assos-oise.fr\/index.php\/wp-json\/wp\/v2\/pages\/4\/revisions"}],"predecessor-version":[{"id":1955,"href":"https:\/\/assises-assos-oise.fr\/index.php\/wp-json\/wp\/v2\/pages\/4\/revisions\/1955"}],"wp:attachment":[{"href":"https:\/\/assises-assos-oise.fr\/index.php\/wp-json\/wp\/v2\/media?parent=4"}],"curies":[{"name":"wp","href":"https:\/\/api.w.org\/{rel}","templated":true}]}}